{"id":1241,"date":"2026-01-25T15:42:08","date_gmt":"2026-01-25T15:42:08","guid":{"rendered":"https:\/\/www.hurghadaexcursionsegypt.com\/?page_id=1241"},"modified":"2026-05-04T07:47:48","modified_gmt":"2026-05-04T07:47:48","slug":"miejsca-docelowe","status":"publish","type":"page","link":"https:\/\/www.hurghadaexcursionsegypt.com\/pl\/miejsca-docelowe\/","title":{"rendered":"Miejsca docelowe"},"content":{"rendered":"<div data-elementor-type=\"wp-page\" data-elementor-id=\"1241\" class=\"elementor elementor-1241\">\n\t\t\t\t\t\t<section class=\"elementor-section elementor-top-section elementor-element elementor-element-14b8a4c elementor-section-height-min-height elementor-section-boxed elementor-section-height-default elementor-section-items-middle\" data-id=\"14b8a4c\" data-element_type=\"section\" data-e-type=\"section\" data-settings=\"{&quot;background_background&quot;:&quot;classic&quot;}\">\n\t\t\t\t\t\t<div class=\"elementor-container elementor-column-gap-no\">\n\t\t\t\t\t<div class=\"elementor-column elementor-col-100 elementor-top-column elementor-element elementor-element-1486d14\" data-id=\"1486d14\" data-element_type=\"column\" data-e-type=\"column\">\n\t\t\t<div class=\"elementor-widget-wrap elementor-element-populated\">\n\t\t\t\t\t\t<div class=\"elementor-element elementor-element-8290bf0 elementor-invisible elementor-widget elementor-widget-gva-heading-block\" data-id=\"8290bf0\" data-element_type=\"widget\" data-e-type=\"widget\" data-settings=\"{&quot;_animation&quot;:&quot;fadeInDown&quot;}\" data-widget_type=\"gva-heading-block.default\">\n\t\t\t\t<div class=\"elementor-widget-container\">\n\t\t\t\t\t<div class=\"gva-element-gva-heading-block gva-element\">   <div class=\"align-center style-5 widget gsc-heading box-align-center auto-responsive\">\r\n      <div class=\"content-inner\">\r\n         \r\n                  \r\n         <div class=\"sub-title\"><span class=\"tagline\">Miejsca docelowe<\/span><\/div>  \r\n         \r\n                     <h2 class=\"title\">\r\n               <span>podr\u00f3\u017ce szcz\u0119\u015bcia<\/span>\r\n            <\/h2>\r\n                  \r\n                     <div class=\"title-desc\">Z gwarancj\u0105 niezawodno\u015bci w cenach ni\u017cszych ni\u017c w hotelach ju\u017c od $5<\/div>\r\n         \r\n         \r\n      <\/div>\r\n   <\/div>\r\n<\/div>\t\t\t\t<\/div>\n\t\t\t\t<\/div>\n\t\t\t\t<section class=\"elementor-section elementor-inner-section elementor-element elementor-element-b3a82f8 elementor-section-boxed elementor-section-height-default elementor-section-height-default\" data-id=\"b3a82f8\" data-element_type=\"section\" data-e-type=\"section\">\n\t\t\t\t\t\t<div class=\"elementor-container elementor-column-gap-default\">\n\t\t\t\t\t<div class=\"elementor-column elementor-col-100 elementor-inner-column elementor-element elementor-element-0f18024\" data-id=\"0f18024\" data-element_type=\"column\" data-e-type=\"column\" data-settings=\"{&quot;background_background&quot;:&quot;classic&quot;}\">\n\t\t\t<div class=\"elementor-widget-wrap elementor-element-populated\">\n\t\t\t\t\t\t<div class=\"elementor-element elementor-element-b26458c elementor-icon-list--layout-inline elementor-align-center elementor-mobile-align-start elementor-list-item-link-full_width elementor-widget elementor-widget-icon-list\" data-id=\"b26458c\" data-element_type=\"widget\" data-e-type=\"widget\" data-widget_type=\"icon-list.default\">\n\t\t\t\t\t\t\t<ul class=\"elementor-icon-list-items elementor-inline-items\">\n\t\t\t\t\t\t\t<li class=\"elementor-icon-list-item elementor-inline-item\">\n\t\t\t\t\t\t\t\t\t\t\t<span class=\"elementor-icon-list-icon\">\n\t\t\t\t\t\t\t<i aria-hidden=\"true\" class=\"far fa-check-circle\"><\/i>\t\t\t\t\t\t<\/span>\n\t\t\t\t\t\t\t\t\t\t<span class=\"elementor-icon-list-text\">Ubezpieczenie jest wa\u017cne<\/span>\n\t\t\t\t\t\t\t\t\t<\/li>\n\t\t\t\t\t\t\t\t<li class=\"elementor-icon-list-item elementor-inline-item\">\n\t\t\t\t\t\t\t\t\t\t\t<span class=\"elementor-icon-list-icon\">\n\t\t\t\t\t\t\t<i aria-hidden=\"true\" class=\"fas fa-user-tie\"><\/i>\t\t\t\t\t\t<\/span>\n\t\t\t\t\t\t\t\t\t\t<span class=\"elementor-icon-list-text\">Przewodnik osobisty<\/span>\n\t\t\t\t\t\t\t\t\t<\/li>\n\t\t\t\t\t\t\t\t<li class=\"elementor-icon-list-item elementor-inline-item\">\n\t\t\t\t\t\t\t\t\t\t\t<span class=\"elementor-icon-list-icon\">\n\t\t\t\t\t\t\t<i aria-hidden=\"true\" class=\"far fa-clock\"><\/i>\t\t\t\t\t\t<\/span>\n\t\t\t\t\t\t\t\t\t\t<span class=\"elementor-icon-list-text\">Zarezerwuj w 2 minuty<\/span>\n\t\t\t\t\t\t\t\t\t<\/li>\n\t\t\t\t\t\t\t\t<li class=\"elementor-icon-list-item elementor-inline-item\">\n\t\t\t\t\t\t\t\t\t\t\t<span class=\"elementor-icon-list-icon\">\n\t\t\t\t\t\t\t<i aria-hidden=\"true\" class=\"fab fa-creative-commons-nc\"><\/i>\t\t\t\t\t\t<\/span>\n\t\t\t\t\t\t\t\t\t\t<span class=\"elementor-icon-list-text\">Brak ukrytych op\u0142at<\/span>\n\t\t\t\t\t\t\t\t\t<\/li>\n\t\t\t\t\t\t<\/ul>\n\t\t\t\t\t\t<\/div>\n\t\t\t\t<div class=\"elementor-element elementor-element-423387b elementor-icon-list--layout-inline elementor-align-center elementor-mobile-align-start elementor-list-item-link-full_width elementor-widget elementor-widget-icon-list\" data-id=\"423387b\" data-element_type=\"widget\" data-e-type=\"widget\" data-widget_type=\"icon-list.default\">\n\t\t\t\t\t\t\t<ul class=\"elementor-icon-list-items elementor-inline-items\">\n\t\t\t\t\t\t\t<li class=\"elementor-icon-list-item elementor-inline-item\">\n\t\t\t\t\t\t\t\t\t\t\t<span class=\"elementor-icon-list-icon\">\n\t\t\t\t\t\t\t<i aria-hidden=\"true\" class=\"fab fa-creative-commons-nc\"><\/i>\t\t\t\t\t\t<\/span>\n\t\t\t\t\t\t\t\t\t\t<span class=\"elementor-icon-list-text\">Brak przedp\u0142aty<\/span>\n\t\t\t\t\t\t\t\t\t<\/li>\n\t\t\t\t\t\t\t\t<li class=\"elementor-icon-list-item elementor-inline-item\">\n\t\t\t\t\t\t\t\t\t\t\t<span class=\"elementor-icon-list-icon\">\n\t\t\t\t\t\t\t<i aria-hidden=\"true\" class=\"fas fa-user-tie\"><\/i>\t\t\t\t\t\t<\/span>\n\t\t\t\t\t\t\t\t\t\t<span class=\"elementor-icon-list-text\">Przewodniki wieloj\u0119zyczne<\/span>\n\t\t\t\t\t\t\t\t\t<\/li>\n\t\t\t\t\t\t\t\t<li class=\"elementor-icon-list-item elementor-inline-item\">\n\t\t\t\t\t\t\t\t\t\t\t<span class=\"elementor-icon-list-icon\">\n\t\t\t\t\t\t\t<i aria-hidden=\"true\" class=\"la la-wechat\"><\/i>\t\t\t\t\t\t<\/span>\n\t\t\t\t\t\t\t\t\t\t<span class=\"elementor-icon-list-text\">Prawdziwe recenzje<\/span>\n\t\t\t\t\t\t\t\t\t<\/li>\n\t\t\t\t\t\t\t\t<li class=\"elementor-icon-list-item elementor-inline-item\">\n\t\t\t\t\t\t\t\t\t\t\t<span class=\"elementor-icon-list-icon\">\n\t\t\t\t\t\t\t<i aria-hidden=\"true\" class=\"fas fa-photo-video\"><\/i>\t\t\t\t\t\t<\/span>\n\t\t\t\t\t\t\t\t\t\t<span class=\"elementor-icon-list-text\">Prawdziwe zdj\u0119cia<\/span>\n\t\t\t\t\t\t\t\t\t<\/li>\n\t\t\t\t\t\t<\/ul>\n\t\t\t\t\t\t<\/div>\n\t\t\t\t\t<\/div>\n\t\t<\/div>\n\t\t\t\t\t<\/div>\n\t\t<\/section>\n\t\t\t\t\t<\/div>\n\t\t<\/div>\n\t\t\t\t\t<\/div>\n\t\t<\/section>\n\t\t\t\t<section class=\"elementor-section elementor-top-section elementor-element elementor-element-7d436c6 elementor-section-boxed elementor-section-height-default elementor-section-height-default\" data-id=\"7d436c6\" data-element_type=\"section\" data-e-type=\"section\">\n\t\t\t\t\t\t<div class=\"elementor-container elementor-column-gap-default\">\n\t\t\t\t\t<div class=\"elementor-column elementor-col-100 elementor-top-column elementor-element elementor-element-3aa32f4\" data-id=\"3aa32f4\" data-element_type=\"column\" data-e-type=\"column\">\n\t\t\t<div class=\"elementor-widget-wrap elementor-element-populated\">\n\t\t\t\t\t\t<div class=\"elementor-element elementor-element-7c040e7 elementor-widget elementor-widget-gva-heading-block\" data-id=\"7c040e7\" data-element_type=\"widget\" data-e-type=\"widget\" data-widget_type=\"gva-heading-block.default\">\n\t\t\t\t<div class=\"elementor-widget-container\">\n\t\t\t\t\t<div class=\"gva-element-gva-heading-block gva-element\">   <div class=\"align-center style-4 widget gsc-heading box-align-left auto-responsive\">\r\n      <div class=\"content-inner\">\r\n         \r\n                  \r\n         <div class=\"sub-title\"><span class=\"tagline\">Popularne miejsca docelowe<\/span><\/div>  \r\n         \r\n                     <h2 class=\"title\">\r\n               <span>Odkryj prawdziw\u0105 przygod\u0119 dzi\u0119ki podr\u00f3\u017com szcz\u0119\u015bcia<\/span>\r\n            <\/h2>\r\n                  \r\n         \r\n         \r\n      <\/div>\r\n   <\/div>\r\n<\/div>\t\t\t\t<\/div>\n\t\t\t\t<\/div>\n\t\t\t\t\t<\/div>\n\t\t<\/div>\n\t\t\t\t\t<\/div>\n\t\t<\/section>\n\t\t\t\t<section class=\"elementor-section elementor-top-section elementor-element elementor-element-8acb352 elementor-section-boxed elementor-section-height-default elementor-section-height-default\" data-id=\"8acb352\" data-element_type=\"section\" data-e-type=\"section\">\n\t\t\t\t\t\t<div class=\"elementor-container elementor-column-gap-default\">\n\t\t\t\t\t<div class=\"elementor-column elementor-col-50 elementor-top-column elementor-element elementor-element-8973bdd\" data-id=\"8973bdd\" data-element_type=\"column\" data-e-type=\"column\">\n\t\t\t<div class=\"elementor-widget-wrap elementor-element-populated\">\n\t\t\t\t\t\t<div class=\"elementor-element elementor-element-b7b1467 elementor-widget elementor-widget-ba_banner\" data-id=\"b7b1467\" data-element_type=\"widget\" data-e-type=\"widget\" data-widget_type=\"ba_banner.default\">\n\t\t\t\t<div class=\"elementor-widget-container\">\n\t\t\t\t\t<div class=\"gva-element-ba_banner gva-element\">\r\n<div class=\"lt-banner-one__single text-left\"><div class=\"lt-banner-one__wrap\"><span class=\"lt-banner-one__count\">41 wycieczek<\/span><div class=\"lt-banner-one__image\"><img decoding=\"async\" src=\"https:\/\/www.hurghadaexcursionsegypt.com\/wp-content\/uploads\/2026\/01\/Paradise-Island.webp\" alt=\"Hurghada\" \/><\/div><div class=\"lt-banner-one__content\"><div class=\"lt-banner-one__subtitle\">Wycieczki z<\/div><h3 class=\"lt-banner-one__title\">Hurghada<\/h3><\/div><a class=\"lt-banner-one__link\"  href=\"https:\/\/www.hurghadaexcursionsegypt.com\/pl\/ba_location\/hurghada\/\"><\/a><\/div><\/div>\r\n\r\n<\/div>\t\t\t\t<\/div>\n\t\t\t\t<\/div>\n\t\t\t\t\t<\/div>\n\t\t<\/div>\n\t\t\t\t<div class=\"elementor-column elementor-col-50 elementor-top-column elementor-element elementor-element-1f5975f\" data-id=\"1f5975f\" data-element_type=\"column\" data-e-type=\"column\">\n\t\t\t<div class=\"elementor-widget-wrap elementor-element-populated\">\n\t\t\t\t\t\t<div class=\"elementor-element elementor-element-2ebc353 elementor-widget elementor-widget-ba_banner\" data-id=\"2ebc353\" data-element_type=\"widget\" data-e-type=\"widget\" data-widget_type=\"ba_banner.default\">\n\t\t\t\t<div class=\"elementor-widget-container\">\n\t\t\t\t\t<div class=\"gva-element-ba_banner gva-element\">\r\n<div class=\"lt-banner-one__single text-left\"><div class=\"lt-banner-one__wrap\"><span class=\"lt-banner-one__count\">6 wycieczek<\/span><div class=\"lt-banner-one__image\"><img decoding=\"async\" src=\"https:\/\/www.hurghadaexcursionsegypt.com\/wp-content\/uploads\/2026\/03\/rrrrrr.jpg\" alt=\"Marsa Alam\" \/><\/div><div class=\"lt-banner-one__content\"><div class=\"lt-banner-one__subtitle\">Wycieczki z<\/div><h3 class=\"lt-banner-one__title\">Marsa Alam<\/h3><\/div><a class=\"lt-banner-one__link\"  href=\"https:\/\/www.hurghadaexcursionsegypt.com\/pl\/ba_location\/hurghada\/\"><\/a><\/div><\/div>\r\n\r\n<\/div>\t\t\t\t<\/div>\n\t\t\t\t<\/div>\n\t\t\t\t\t<\/div>\n\t\t<\/div>\n\t\t\t\t\t<\/div>\n\t\t<\/section>\n\t\t\t\t<\/div>","protected":false},"excerpt":{"rendered":"<p>Destinations hurghada excursions egypt With guaranteed reliability at prices lower than hotels starting from $5 Insurance is valid Personal Tour guide Book in 2 minutes No hidden fees No prepayment Multi languages guides Real reviews Real photos Popular Destinatsions Explore Real Adventure with hurghada excursions egypt 41&nbsp;ExcursionsExcursions From Hurghada 6&nbsp;ExcursionsExcursions From Marsa Alam<\/p>","protected":false},"author":1,"featured_media":0,"parent":0,"menu_order":0,"comment_status":"closed","ping_status":"closed","template":"elementor_header_footer","meta":{"footnotes":""},"class_list":["post-1241","page","type-page","status-publish","hentry"],"yoast_head":"<!-- This site is optimized with the Yoast SEO plugin v27.5 - https:\/\/yoast.com\/product\/yoast-seo-wordpress\/ -->\n<title>Destinations - hurghada excursions egypt- Discover Egypt with Experts. Experience It with Heart.<\/title>\n<meta name=\"robots\" content=\"index, follow, max-snippet:-1, max-image-preview:large, max-video-preview:-1\" \/>\n<link rel=\"canonical\" href=\"https:\/\/www.hurghadaexcursionsegypt.com\/pl\/miejsca-docelowe\/\" \/>\n<meta property=\"og:locale\" content=\"pl_PL\" \/>\n<meta property=\"og:type\" content=\"article\" \/>\n<meta property=\"og:title\" content=\"Destinations - hurghada excursions egypt- Discover Egypt with Experts. Experience It with Heart.\" \/>\n<meta property=\"og:description\" content=\"Destinations hurghada excursions egypt With guaranteed reliability at prices lower than hotels starting from $5 Insurance is valid Personal Tour guide Book in 2 minutes No hidden fees No prepayment Multi languages guides Real reviews Real photos Popular Destinatsions Explore Real Adventure with hurghada excursions egypt 41&nbsp;ExcursionsExcursions From Hurghada 6&nbsp;ExcursionsExcursions From Marsa Alam\" \/>\n<meta property=\"og:url\" content=\"https:\/\/www.hurghadaexcursionsegypt.com\/pl\/miejsca-docelowe\/\" \/>\n<meta property=\"og:site_name\" content=\"hurghada excursions egypt- Discover Egypt with Experts. Experience It with Heart.\" \/>\n<meta property=\"article:modified_time\" content=\"2026-05-04T07:47:48+00:00\" \/>\n<meta property=\"og:image\" content=\"https:\/\/www.hurghadaexcursionsegypt.com\/wp-content\/uploads\/2026\/01\/Paradise-Island.webp\" \/>\n<meta name=\"twitter:card\" content=\"summary_large_image\" \/>\n<meta name=\"twitter:label1\" content=\"Szacowany czas czytania\" \/>\n\t<meta name=\"twitter:data1\" content=\"1 minuta\" \/>\n<script type=\"application\/ld+json\" class=\"yoast-schema-graph\">{\"@context\":\"https:\\\/\\\/schema.org\",\"@graph\":[{\"@type\":\"WebPage\",\"@id\":\"https:\\\/\\\/www.hurghadaexcursionsegypt.com\\\/destinations\\\/\",\"url\":\"https:\\\/\\\/www.hurghadaexcursionsegypt.com\\\/destinations\\\/\",\"name\":\"Destinations - hurghada excursions egypt- Discover Egypt with Experts. Experience It with Heart.\",\"isPartOf\":{\"@id\":\"https:\\\/\\\/www.hurghadaexcursionsegypt.com\\\/#website\"},\"primaryImageOfPage\":{\"@id\":\"https:\\\/\\\/www.hurghadaexcursionsegypt.com\\\/destinations\\\/#primaryimage\"},\"image\":{\"@id\":\"https:\\\/\\\/www.hurghadaexcursionsegypt.com\\\/destinations\\\/#primaryimage\"},\"thumbnailUrl\":\"https:\\\/\\\/www.hurghadaexcursionsegypt.com\\\/wp-content\\\/uploads\\\/2026\\\/01\\\/Paradise-Island.webp\",\"datePublished\":\"2026-01-25T15:42:08+00:00\",\"dateModified\":\"2026-05-04T07:47:48+00:00\",\"breadcrumb\":{\"@id\":\"https:\\\/\\\/www.hurghadaexcursionsegypt.com\\\/destinations\\\/#breadcrumb\"},\"inLanguage\":\"pl-PL\",\"potentialAction\":[{\"@type\":\"ReadAction\",\"target\":[\"https:\\\/\\\/www.hurghadaexcursionsegypt.com\\\/destinations\\\/\"]}]},{\"@type\":\"ImageObject\",\"inLanguage\":\"pl-PL\",\"@id\":\"https:\\\/\\\/www.hurghadaexcursionsegypt.com\\\/destinations\\\/#primaryimage\",\"url\":\"https:\\\/\\\/www.hurghadaexcursionsegypt.com\\\/wp-content\\\/uploads\\\/2026\\\/01\\\/Paradise-Island.webp\",\"contentUrl\":\"https:\\\/\\\/www.hurghadaexcursionsegypt.com\\\/wp-content\\\/uploads\\\/2026\\\/01\\\/Paradise-Island.webp\"},{\"@type\":\"BreadcrumbList\",\"@id\":\"https:\\\/\\\/www.hurghadaexcursionsegypt.com\\\/destinations\\\/#breadcrumb\",\"itemListElement\":[{\"@type\":\"ListItem\",\"position\":1,\"name\":\"Home\",\"item\":\"https:\\\/\\\/www.hurghadaexcursionsegypt.com\\\/\"},{\"@type\":\"ListItem\",\"position\":2,\"name\":\"Destinations\"}]},{\"@type\":\"WebSite\",\"@id\":\"https:\\\/\\\/www.hurghadaexcursionsegypt.com\\\/#website\",\"url\":\"https:\\\/\\\/www.hurghadaexcursionsegypt.com\\\/\",\"name\":\"hurghada excursions egypt- Discover Egypt with Experts. Experience It with Heart.\",\"description\":\"Popular Excursions With hurghada excursions egypt\",\"potentialAction\":[{\"@type\":\"SearchAction\",\"target\":{\"@type\":\"EntryPoint\",\"urlTemplate\":\"https:\\\/\\\/www.hurghadaexcursionsegypt.com\\\/?s={search_term_string}\"},\"query-input\":{\"@type\":\"PropertyValueSpecification\",\"valueRequired\":true,\"valueName\":\"search_term_string\"}}],\"inLanguage\":\"pl-PL\"}]}<\/script>\n<!-- \/ Yoast SEO plugin. -->","yoast_head_json":{"title":"Kierunki podr\u00f3\u017cy - hurghada excursions egypt - Odkryj Egipt z ekspertami. Prze\u017cyj go z sercem.","robots":{"index":"index","follow":"follow","max-snippet":"max-snippet:-1","max-image-preview":"max-image-preview:large","max-video-preview":"max-video-preview:-1"},"canonical":"https:\/\/www.hurghadaexcursionsegypt.com\/pl\/miejsca-docelowe\/","og_locale":"pl_PL","og_type":"article","og_title":"Destinations - hurghada excursions egypt- Discover Egypt with Experts. Experience It with Heart.","og_description":"Destinations hurghada excursions egypt With guaranteed reliability at prices lower than hotels starting from $5 Insurance is valid Personal Tour guide Book in 2 minutes No hidden fees No prepayment Multi languages guides Real reviews Real photos Popular Destinatsions Explore Real Adventure with hurghada excursions egypt 41&nbsp;ExcursionsExcursions From Hurghada 6&nbsp;ExcursionsExcursions From Marsa Alam","og_url":"https:\/\/www.hurghadaexcursionsegypt.com\/pl\/miejsca-docelowe\/","og_site_name":"hurghada excursions egypt- Discover Egypt with Experts. Experience It with Heart.","article_modified_time":"2026-05-04T07:47:48+00:00","og_image":[{"url":"https:\/\/www.hurghadaexcursionsegypt.com\/wp-content\/uploads\/2026\/01\/Paradise-Island.webp","type":"","width":"","height":""}],"twitter_card":"summary_large_image","twitter_misc":{"Szacowany czas czytania":"1 minuta"},"schema":{"@context":"https:\/\/schema.org","@graph":[{"@type":"WebPage","@id":"https:\/\/www.hurghadaexcursionsegypt.com\/destinations\/","url":"https:\/\/www.hurghadaexcursionsegypt.com\/destinations\/","name":"Kierunki podr\u00f3\u017cy - hurghada excursions egypt - Odkryj Egipt z ekspertami. Prze\u017cyj go z sercem.","isPartOf":{"@id":"https:\/\/www.hurghadaexcursionsegypt.com\/#website"},"primaryImageOfPage":{"@id":"https:\/\/www.hurghadaexcursionsegypt.com\/destinations\/#primaryimage"},"image":{"@id":"https:\/\/www.hurghadaexcursionsegypt.com\/destinations\/#primaryimage"},"thumbnailUrl":"https:\/\/www.hurghadaexcursionsegypt.com\/wp-content\/uploads\/2026\/01\/Paradise-Island.webp","datePublished":"2026-01-25T15:42:08+00:00","dateModified":"2026-05-04T07:47:48+00:00","breadcrumb":{"@id":"https:\/\/www.hurghadaexcursionsegypt.com\/destinations\/#breadcrumb"},"inLanguage":"pl-PL","potentialAction":[{"@type":"ReadAction","target":["https:\/\/www.hurghadaexcursionsegypt.com\/destinations\/"]}]},{"@type":"ImageObject","inLanguage":"pl-PL","@id":"https:\/\/www.hurghadaexcursionsegypt.com\/destinations\/#primaryimage","url":"https:\/\/www.hurghadaexcursionsegypt.com\/wp-content\/uploads\/2026\/01\/Paradise-Island.webp","contentUrl":"https:\/\/www.hurghadaexcursionsegypt.com\/wp-content\/uploads\/2026\/01\/Paradise-Island.webp"},{"@type":"BreadcrumbList","@id":"https:\/\/www.hurghadaexcursionsegypt.com\/destinations\/#breadcrumb","itemListElement":[{"@type":"ListItem","position":1,"name":"Home","item":"https:\/\/www.hurghadaexcursionsegypt.com\/"},{"@type":"ListItem","position":2,"name":"Destinations"}]},{"@type":"WebSite","@id":"https:\/\/www.hurghadaexcursionsegypt.com\/#website","url":"https:\/\/www.hurghadaexcursionsegypt.com\/","name":"hurghada excursions egypt \u2013 Odkryj Egipt z ekspertami. Prze\u017cyj go z sercem.","description":"Popularne wycieczki Z podr\u00f3\u017cami szcz\u0119\u015bcia","potentialAction":[{"@type":"SearchAction","target":{"@type":"EntryPoint","urlTemplate":"https:\/\/www.hurghadaexcursionsegypt.com\/?s={search_term_string}"},"query-input":{"@type":"PropertyValueSpecification","valueRequired":true,"valueName":"search_term_string"}}],"inLanguage":"pl-PL"}]}},"_links":{"self":[{"href":"https:\/\/www.hurghadaexcursionsegypt.com\/pl\/wp-json\/wp\/v2\/pages\/1241","targetHints":{"allow":["GET"]}}],"collection":[{"href":"https:\/\/www.hurghadaexcursionsegypt.com\/pl\/wp-json\/wp\/v2\/pages"}],"about":[{"href":"https:\/\/www.hurghadaexcursionsegypt.com\/pl\/wp-json\/wp\/v2\/types\/page"}],"author":[{"embeddable":true,"href":"https:\/\/www.hurghadaexcursionsegypt.com\/pl\/wp-json\/wp\/v2\/users\/1"}],"replies":[{"embeddable":true,"href":"https:\/\/www.hurghadaexcursionsegypt.com\/pl\/wp-json\/wp\/v2\/comments?post=1241"}],"version-history":[{"count":28,"href":"https:\/\/www.hurghadaexcursionsegypt.com\/pl\/wp-json\/wp\/v2\/pages\/1241\/revisions"}],"predecessor-version":[{"id":2873,"href":"https:\/\/www.hurghadaexcursionsegypt.com\/pl\/wp-json\/wp\/v2\/pages\/1241\/revisions\/2873"}],"wp:attachment":[{"href":"https:\/\/www.hurghadaexcursionsegypt.com\/pl\/wp-json\/wp\/v2\/media?parent=1241"}],"curies":[{"name":"wp","href":"https:\/\/api.w.org\/{rel}","templated":true}]}}